{"id":179,"date":"2018-08-07T23:51:21","date_gmt":"2018-08-07T21:51:21","guid":{"rendered":"http:\/\/leute-laender-leckereien.de\/wordpress\/?page_id=179"},"modified":"2019-08-10T17:49:54","modified_gmt":"2019-08-10T15:49:54","slug":"ueber-uns","status":"publish","type":"page","link":"https:\/\/leute-laender-leckereien.de\/wordpress\/ueber-uns\/","title":{"rendered":"\u00dcber uns"},"content":{"rendered":"<p><strong>Das ist Natascha<\/strong><\/p>\n<p>Natascha, eine \u201eNeu-Deutsche\u201c mit slowenischen und mazedonischen Wurzeln, flog fr\u00fcher meist 3 Wochen in den Sommerferien in die T\u00fcrkei. Doch vor einigen Jahren machte sie einen gro\u00dfen Schnitt und \u00e4nderte ihr Leben. Sie lernte Stephan kennen und kam so auch auf den Geschmack des Reisens im Camper. Spontan, frei und ohne festen Plan. Doch in der Welt des Angestellten-Daseins gab es maximal 2 oder 3 Reisen im Jahr bis an das Nordkap, den Peloponnes oder an die Algarve. Und sp\u00e4testens nach 6 Wochen am St\u00fcck &#8211; eine Ausnahme, die auch erst m\u00fchsam auszuhandeln war &#8211; musste sie wieder im B\u00fcro sein. Sie fand, das ist nicht genug, um fremde L\u00e4nder zu sp\u00fcren und erfahren. So nahm Sie sich 1 Jahr unbezahlten Urlaub. Das ist sicher genug, um Abstand von einem sie nicht ausf\u00fcllenden B\u00fcroalltag zu bekommen, aber ob das reichen wird, um S\u00fcdamerika wirklich kennenzulernen? \ud83d\ude42<\/p>\n<p><strong>Das ist Stephan<\/strong><\/p>\n<p>Bei seinem ersten Campingurlaub war Stephan gerade mal 15 Monate alt. W\u00e4hrend der Schulzeit ging es dann mit der Familie h\u00e4ufig in den S\u00fcden. Auf dem Heimweg war er fast jedes mal todungl\u00fccklich, wollte dort leben, wo Palmen wachsen, wo man Feigen riecht und man jeden Tag den Sand wegfegen muss. Als Student ging es dann los mit einem alten VW-Bulli aus den 60er Jahren. Zun\u00e4chst Richtung S\u00fcdosten bis hinter den Ararat, sp\u00e4ter \u2013 inzwischen mit verschiedenen T3-Bullis &#8211; kamen dann die Iberische Halbinsel, Ost-Europa und Skandinavien hinzu, die letzten 10 Jahre meist zusammen mit Natascha. Doch auch f\u00fcr Stephan waren all diese Touren bald gehetzte Kurztrips. Schon fr\u00fch tr\u00e4umte er davon, mit dem eigenen Fahrzeug ganz andere Regionen der Welt zu bereisen. Das erste Ziel: S\u00fcdamerika! Um seinen Traum zu leben k\u00fcndigte er seinen Job, l\u00f6ste die gemeinsame Wohnung auf und kaufte sich den Offroad-Camper \u201ePatty\u201c, einen 28 Jahre alten Nissan Patrol mit Expeditionskabine.<\/p>\n","protected":false},"excerpt":{"rendered":"<p>Das ist Natascha Natascha, eine \u201eNeu-Deutsche\u201c mit slowenischen und mazedonischen Wurzeln, flog fr\u00fcher meist 3 Wochen in den Sommerferien in die T\u00fcrkei. Doch vor einigen Jahren machte sie einen gro\u00dfen Schnitt und \u00e4nderte ihr Leben. Sie lernte Stephan kennen und <a href=\"https:\/\/leute-laender-leckereien.de\/wordpress\/ueber-uns\/\"> Read more&#8230;<\/a><\/p>\n","protected":false},"author":1,"featured_media":0,"parent":0,"menu_order":0,"comment_status":"closed","ping_status":"closed","template":"","meta":[],"_links":{"self":[{"href":"https:\/\/leute-laender-leckereien.de\/wordpress\/wp-json\/wp\/v2\/pages\/179"}],"collection":[{"href":"https:\/\/leute-laender-leckereien.de\/wordpress\/wp-json\/wp\/v2\/pages"}],"about":[{"href":"https:\/\/leute-laender-leckereien.de\/wordpress\/wp-json\/wp\/v2\/types\/page"}],"author":[{"embeddable":true,"href":"https:\/\/leute-laender-leckereien.de\/wordpress\/wp-json\/wp\/v2\/users\/1"}],"replies":[{"embeddable":true,"href":"https:\/\/leute-laender-leckereien.de\/wordpress\/wp-json\/wp\/v2\/comments?post=179"}],"version-history":[{"count":8,"href":"https:\/\/leute-laender-leckereien.de\/wordpress\/wp-json\/wp\/v2\/pages\/179\/revisions"}],"predecessor-version":[{"id":2549,"href":"https:\/\/leute-laender-leckereien.de\/wordpress\/wp-json\/wp\/v2\/pages\/179\/revisions\/2549"}],"wp:attachment":[{"href":"https:\/\/leute-laender-leckereien.de\/wordpress\/wp-json\/wp\/v2\/media?parent=179"}],"curies":[{"name":"wp","href":"https:\/\/api.w.org\/{rel}","templated":true}]}}